{"id":30,"date":"2014-07-10T19:18:55","date_gmt":"2014-07-10T17:18:55","guid":{"rendered":"http:\/\/neu.wtc-taufkirchen.de\/?page_id=30"},"modified":"2023-04-02T10:31:40","modified_gmt":"2023-04-02T08:31:40","slug":"wir-ueber-uns","status":"publish","type":"page","link":"http:\/\/neu.wtc-taufkirchen.de\/?page_id=30","title":{"rendered":"Wir \u00fcber uns"},"content":{"rendered":"<h3>Gr\u00fcndungsjahr 1970<\/h3>\n<p><span style=\"font-family: Calibri;\"><span style=\"color: #000000;\">1. Vorstand Johann Seisenberger\u00a0\u00a0<\/span><\/span><\/p>\n<p><span style=\"font-family: Calibri;\"><span style=\"color: #000000;\">2. Vorstand Manfred Schmidt\u00a0<\/span><\/span><\/p>\n<p><span style=\"color: #000000; font-family: Calibri;\">1. Kassier N. Santos\u00a0<\/span><\/p>\n<p><span style=\"font-family: Calibri;\"><span style=\"color: #000000;\">Sportleiter Christian Rappensperger\u00a0<\/span><\/span><\/p>\n<p><span style=\"font-family: Calibri;\"><span style=\"color: #000000;\">1. Schriftf\u00fchrer Florian Waitl\u00a0 <\/span><\/span><\/p>\n<p><span style=\"font-family: Calibri;\"><span style=\"color: #000000;\">2. Schriftf\u00fchrer Stephan Rauhmeier\u00a0 <\/span><\/span><\/p>\n<p><span style=\"font-family: Calibri;\"><span style=\"color: #000000;\">1. Kassenpr\u00fcfer Roland Empl\u00a0 <\/span><\/span><\/p>\n<p><span style=\"font-family: Calibri;\"><span style=\"color: #000000;\">2. Kassenpr\u00fcfer Herbert Waitl<\/span><\/span><\/p>\n<p>Gegr\u00fcndet im Jahre 1970 befindet sich der Schie\u00dfstand in 84116 K\u00f6glreit, in der N\u00e4he von Taufkirchen an der Vils.<br \/>\nGe\u00f6ffnet haben wir Samstags von 13:00-17:00 Uhr, au\u00dfer Feiertags.<br \/>\nWir verf\u00fcgen \u00fcber einen 5 Maschinen Stand und schie\u00dfen die Disziplin Trap<br \/>\nWir haben eine Mannschaft, die sich in Wettk\u00e4mpfen mit 5 anderen Mannschaften aus Oberbayern misst.<\/p>\n<p>Einen finalen Endkampf,\u00a0 in dem dann noch mal alle Mitglieder der verschiedenen Mannschaften schie\u00dfen, findet in der Regel im Oktober auf der Olympia Trapanlage in M\u00fcnchen statt.<\/p>\n<p>Aus Versicherungstechnischen Gr\u00fcnden, k\u00f6nnen nur Mitglieder am Schie\u00dfbetrieb teilnehmen.<\/p>\n","protected":false},"excerpt":{"rendered":"<p>Gr\u00fcndungsjahr 1970 1. Vorstand Johann Seisenberger\u00a0\u00a0 2. Vorstand Manfred Schmidt\u00a0 1. Kassier N. Santos\u00a0 Sportleiter Christian Rappensperger\u00a0 1. Schriftf\u00fchrer Florian Waitl\u00a0 2. Schriftf\u00fchrer Stephan Rauhmeier\u00a0 1. Kassenpr\u00fcfer Roland Empl\u00a0 2. Kassenpr\u00fcfer Herbert Waitl Gegr\u00fcndet im Jahre 1970 befindet sich der&hellip; <\/p>\n","protected":false},"author":1,"featured_media":0,"parent":0,"menu_order":0,"comment_status":"closed","ping_status":"closed","template":"","meta":{"footnotes":""},"class_list":["post-30","page","type-page","status-publish","hentry"],"_links":{"self":[{"href":"http:\/\/neu.wtc-taufkirchen.de\/index.php?rest_route=\/wp\/v2\/pages\/30","targetHints":{"allow":["GET"]}}],"collection":[{"href":"http:\/\/neu.wtc-taufkirchen.de\/index.php?rest_route=\/wp\/v2\/pages"}],"about":[{"href":"http:\/\/neu.wtc-taufkirchen.de\/index.php?rest_route=\/wp\/v2\/types\/page"}],"author":[{"embeddable":true,"href":"http:\/\/neu.wtc-taufkirchen.de\/index.php?rest_route=\/wp\/v2\/users\/1"}],"replies":[{"embeddable":true,"href":"http:\/\/neu.wtc-taufkirchen.de\/index.php?rest_route=%2Fwp%2Fv2%2Fcomments&post=30"}],"version-history":[{"count":15,"href":"http:\/\/neu.wtc-taufkirchen.de\/index.php?rest_route=\/wp\/v2\/pages\/30\/revisions"}],"predecessor-version":[{"id":765,"href":"http:\/\/neu.wtc-taufkirchen.de\/index.php?rest_route=\/wp\/v2\/pages\/30\/revisions\/765"}],"wp:attachment":[{"href":"http:\/\/neu.wtc-taufkirchen.de\/index.php?rest_route=%2Fwp%2Fv2%2Fmedia&parent=30"}],"curies":[{"name":"wp","href":"https:\/\/api.w.org\/{rel}","templated":true}]}}