{"id":34,"date":"2014-07-10T19:19:26","date_gmt":"2014-07-10T17:19:26","guid":{"rendered":"http:\/\/neu.wtc-taufkirchen.de\/?page_id=34"},"modified":"2017-03-17T20:56:07","modified_gmt":"2017-03-17T18:56:07","slug":"impressum","status":"publish","type":"page","link":"http:\/\/neu.wtc-taufkirchen.de\/?page_id=34","title":{"rendered":"Impressum"},"content":{"rendered":"<p>WTC-Taufkirchen<\/p>\n<p>Verantwortlich f\u00fcr diese Seiten:<\/p>\n<p>N.Santos<\/p>\n<p>email:\u00a0admin(at)wtc-taufkirchen.de<\/p>\n<p>&nbsp;<\/p>\n<p>Haftungshinweis<\/p>\n<p>Im Rahmen unseres Angebots werden auch Links zu Internetinhalten anderer Anbieter bereitgestellt. Auf den Inhalt dieser Seiten haben wir keinen Einfluss; f\u00fcr den Inhalt ist ausschlie\u00dflich der Betreiber der anderen Website verantwortlich. Trotz der \u00dcberpr\u00fcfung der Inhalte im gesetzlich gebotenen Rahmen m\u00fcssen wir daher jede Verantwortung f\u00fcr den Inhalt dieser Links bzw. der verlinkten Seite ablehnen.<\/p>\n<p>&nbsp;<\/p>\n<p>Registergericht : Erding<\/p>\n<p>VR 110406<\/p>\n<p>&nbsp;<\/p>\n<p>Vereinsadresse :<\/p>\n<p>WTC Taufkirchen e.V<\/p>\n<p>K\u00f6glreit 1<\/p>\n<p>84416 Taufkirchen<\/p>\n<p>&nbsp;<\/p>\n<p>&nbsp;<\/p>\n<p>&nbsp;<\/p>\n<p>&nbsp;<\/p>\n<p>&nbsp;<\/p>\n<p>Webdesign basierend auf einem Konzept von www.beesign.com<\/p>\n","protected":false},"excerpt":{"rendered":"<p>WTC-Taufkirchen Verantwortlich f\u00fcr diese Seiten: N.Santos email:\u00a0admin(at)wtc-taufkirchen.de &nbsp; Haftungshinweis Im Rahmen unseres Angebots werden auch Links zu Internetinhalten anderer Anbieter bereitgestellt. Auf den Inhalt dieser Seiten haben wir keinen Einfluss; f\u00fcr den Inhalt ist ausschlie\u00dflich der Betreiber der anderen Website&hellip; <\/p>\n","protected":false},"author":1,"featured_media":0,"parent":0,"menu_order":0,"comment_status":"closed","ping_status":"closed","template":"","meta":{"footnotes":""},"class_list":["post-34","page","type-page","status-publish","hentry"],"_links":{"self":[{"href":"http:\/\/neu.wtc-taufkirchen.de\/index.php?rest_route=\/wp\/v2\/pages\/34","targetHints":{"allow":["GET"]}}],"collection":[{"href":"http:\/\/neu.wtc-taufkirchen.de\/index.php?rest_route=\/wp\/v2\/pages"}],"about":[{"href":"http:\/\/neu.wtc-taufkirchen.de\/index.php?rest_route=\/wp\/v2\/types\/page"}],"author":[{"embeddable":true,"href":"http:\/\/neu.wtc-taufkirchen.de\/index.php?rest_route=\/wp\/v2\/users\/1"}],"replies":[{"embeddable":true,"href":"http:\/\/neu.wtc-taufkirchen.de\/index.php?rest_route=%2Fwp%2Fv2%2Fcomments&post=34"}],"version-history":[{"count":8,"href":"http:\/\/neu.wtc-taufkirchen.de\/index.php?rest_route=\/wp\/v2\/pages\/34\/revisions"}],"predecessor-version":[{"id":371,"href":"http:\/\/neu.wtc-taufkirchen.de\/index.php?rest_route=\/wp\/v2\/pages\/34\/revisions\/371"}],"wp:attachment":[{"href":"http:\/\/neu.wtc-taufkirchen.de\/index.php?rest_route=%2Fwp%2Fv2%2Fmedia&parent=34"}],"curies":[{"name":"wp","href":"https:\/\/api.w.org\/{rel}","templated":true}]}}